{"id":26437,"date":"2025-09-01T09:10:10","date_gmt":"2025-09-01T09:10:10","guid":{"rendered":"https:\/\/fundaciocatalunyacultura.cat\/premi-xavier-gramona\/"},"modified":"2025-09-01T09:12:56","modified_gmt":"2025-09-01T09:12:56","slug":"premio-xavier-gramona","status":"publish","type":"page","link":"https:\/\/www.fundaciocatalunyacultura.cat\/es\/premio-xavier-gramona\/","title":{"rendered":"Premio Xavier Gramona"},"content":{"rendered":"<p>Creado en 2025, este galard\u00f3n quiere reconocer el trabajo realizado con compromiso y esfuerzo, y la evoluci\u00f3n del proyecto cultural que m\u00e1s ha destacado por aprovechar con valent\u00eda y generosidad la primera fase del Programa IMPULSA CULTURA.<\/p>\n<p>El galard\u00f3n lleva el nombre de <strong>Xavier Gramona<\/strong> en homenaje al vicepresidente y patr\u00f3n fundador de la entidad, que desde el primer d\u00eda mostr\u00f3 una profunda pasi\u00f3n por los valores fundacionales y por la cultura como motor de transformaci\u00f3n social, siendo siempre un claro ejemplo de dedicaci\u00f3n, esfuerzo y compromiso.<\/p>\n<p>El premio hace hincapi\u00e9 en valores como la participaci\u00f3n activa, la constancia, la capacidad de adaptaci\u00f3n y el aprovechamiento de las herramientas y conocimientos adquiridos y la calidad de la documentaci\u00f3n y propuesta trabajada.<\/p>\n<p style=\"text-align: center;\"><img decoding=\"async\" class=\"size-thumbnail wp-image-18393 aligncenter\" src=\"https:\/\/hundreds-wordpress-uploads.s3.amazonaws.com\/fundacio-catalunya-cultura\/uploads\/2025\/09\/Logo-Art-i-Cura.jpg\" alt=\"Logo-Art-i-Cura\" \/><\/p>\n<p>El premio de 2025, dotado con 3.000 euros, ha sido concedido al proyecto <strong>Art i Cura<\/strong>, un programa cocreado por la Fundaci\u00f3n Iluro y el CAP Matar\u00f3 Centre en la Casa Coll y Reg\u00e0s. Combina arte, salud y patrimonio para mejorar el bienestar emocional y comunitario, generando evidencia cient\u00edfica sobre el impacto cultural en salud.<\/p>\n<p><img loading=\"lazy\" decoding=\"async\" class=\"aligncenter size-large wp-image-26430\" src=\"https:\/\/hundreds-wordpress-uploads.s3.amazonaws.com\/fundacio-catalunya-cultura\/uploads\/2025\/09\/Lliurament-Premi-Xavier-Gramona-1024x683.jpg\" alt=\"\" width=\"1024\" height=\"683\" srcset=\"https:\/\/hundreds-wordpress-uploads.s3.amazonaws.com\/fundacio-catalunya-cultura\/uploads\/2025\/09\/Lliurament-Premi-Xavier-Gramona-1024x683.jpg 1024w, https:\/\/hundreds-wordpress-uploads.s3.amazonaws.com\/fundacio-catalunya-cultura\/uploads\/2025\/09\/Lliurament-Premi-Xavier-Gramona-300x200.jpg 300w, https:\/\/hundreds-wordpress-uploads.s3.amazonaws.com\/fundacio-catalunya-cultura\/uploads\/2025\/09\/Lliurament-Premi-Xavier-Gramona-768x512.jpg 768w, https:\/\/hundreds-wordpress-uploads.s3.amazonaws.com\/fundacio-catalunya-cultura\/uploads\/2025\/09\/Lliurament-Premi-Xavier-Gramona-1536x1024.jpg 1536w, https:\/\/hundreds-wordpress-uploads.s3.amazonaws.com\/fundacio-catalunya-cultura\/uploads\/2025\/09\/Lliurament-Premi-Xavier-Gramona-2048x1366.jpg 2048w\" sizes=\"auto, (max-width: 1024px) 100vw, 1024px\" \/><\/p>\n","protected":false},"excerpt":{"rendered":"<p>Creado en 2025, este galard\u00f3n quiere reconocer el trabajo realizado con compromiso y esfuerzo, y la evoluci\u00f3n del proyecto cultural que m\u00e1s ha destacado por aprovechar con valent\u00eda y generosidad la primera fase del Programa IMPULSA CULTURA. El galard\u00f3n lleva el nombre de Xavier Gramona en homenaje al vicepresidente y patr\u00f3n fundador de la entidad, [&hellip;]<\/p>\n","protected":false},"author":1,"featured_media":0,"parent":0,"menu_order":0,"comment_status":"closed","ping_status":"closed","template":"","meta":{"_acf_changed":false,"footnotes":""},"class_list":["post-26437","page","type-page","status-publish","hentry"],"acf":[],"yoast_head":"<!-- This site is optimized with the Yoast SEO plugin v25.1 - https:\/\/yoast.com\/wordpress\/plugins\/seo\/ -->\n<title>Premio Xavier Gramona | Fundaci\u00f3 Catalunya Cultura<\/title>\n<meta name=\"robots\" content=\"index, follow, max-snippet:-1, max-image-preview:large, max-video-preview:-1\" \/>\n<link rel=\"canonical\" href=\"https:\/\/www.fundaciocatalunyacultura.cat\/es\/premio-xavier-gramona\/\" \/>\n<meta property=\"og:locale\" content=\"es_ES\" \/>\n<meta property=\"og:type\" content=\"article\" \/>\n<meta property=\"og:title\" content=\"Premio Xavier Gramona | Fundaci\u00f3 Catalunya Cultura\" \/>\n<meta property=\"og:description\" content=\"Creado en 2025, este galard\u00f3n quiere reconocer el trabajo realizado con compromiso y esfuerzo, y la evoluci\u00f3n del proyecto cultural que m\u00e1s ha destacado por aprovechar con valent\u00eda y generosidad la primera fase del Programa IMPULSA CULTURA. El galard\u00f3n lleva el nombre de Xavier Gramona en homenaje al vicepresidente y patr\u00f3n fundador de la entidad, [&hellip;]\" \/>\n<meta property=\"og:url\" content=\"https:\/\/www.fundaciocatalunyacultura.cat\/es\/premio-xavier-gramona\/\" \/>\n<meta property=\"og:site_name\" content=\"Fundaci\u00f3 Catalunya Cultura\" \/>\n<meta property=\"article:publisher\" content=\"https:\/\/www.facebook.com\/fundaciocatalunyacultura\/\" \/>\n<meta property=\"article:modified_time\" content=\"2025-09-01T09:12:56+00:00\" \/>\n<meta property=\"og:image\" content=\"https:\/\/hundreds-wordpress-uploads.s3.amazonaws.com\/fundacio-catalunya-cultura\/uploads\/2025\/09\/Logo-Art-i-Cura.jpg\" \/>\n<meta name=\"twitter:card\" content=\"summary_large_image\" \/>\n<meta name=\"twitter:site\" content=\"@fcatcultura\" \/>\n<meta name=\"twitter:label1\" content=\"Tiempo de lectura\" \/>\n\t<meta name=\"twitter:data1\" content=\"2 minutos\" \/>\n<script type=\"application\/ld+json\" class=\"yoast-schema-graph\">{\"@context\":\"https:\/\/schema.org\",\"@graph\":[{\"@type\":\"WebPage\",\"@id\":\"https:\/\/www.fundaciocatalunyacultura.cat\/es\/premio-xavier-gramona\/\",\"url\":\"https:\/\/www.fundaciocatalunyacultura.cat\/es\/premio-xavier-gramona\/\",\"name\":\"Premio Xavier Gramona | Fundaci\u00f3 Catalunya Cultura\",\"isPartOf\":{\"@id\":\"https:\/\/www.fundaciocatalunyacultura.cat\/#website\"},\"primaryImageOfPage\":{\"@id\":\"https:\/\/www.fundaciocatalunyacultura.cat\/es\/premio-xavier-gramona\/#primaryimage\"},\"image\":{\"@id\":\"https:\/\/www.fundaciocatalunyacultura.cat\/es\/premio-xavier-gramona\/#primaryimage\"},\"thumbnailUrl\":\"https:\/\/hundreds-wordpress-uploads.s3.amazonaws.com\/fundacio-catalunya-cultura\/uploads\/2025\/09\/Logo-Art-i-Cura.jpg\",\"datePublished\":\"2025-09-01T09:10:10+00:00\",\"dateModified\":\"2025-09-01T09:12:56+00:00\",\"breadcrumb\":{\"@id\":\"https:\/\/www.fundaciocatalunyacultura.cat\/es\/premio-xavier-gramona\/#breadcrumb\"},\"inLanguage\":\"es\",\"potentialAction\":[{\"@type\":\"ReadAction\",\"target\":[\"https:\/\/www.fundaciocatalunyacultura.cat\/es\/premio-xavier-gramona\/\"]}]},{\"@type\":\"ImageObject\",\"inLanguage\":\"es\",\"@id\":\"https:\/\/www.fundaciocatalunyacultura.cat\/es\/premio-xavier-gramona\/#primaryimage\",\"url\":\"https:\/\/hundreds-wordpress-uploads.s3.amazonaws.com\/fundacio-catalunya-cultura\/uploads\/2025\/09\/Logo-Art-i-Cura.jpg\",\"contentUrl\":\"https:\/\/hundreds-wordpress-uploads.s3.amazonaws.com\/fundacio-catalunya-cultura\/uploads\/2025\/09\/Logo-Art-i-Cura.jpg\"},{\"@type\":\"BreadcrumbList\",\"@id\":\"https:\/\/www.fundaciocatalunyacultura.cat\/es\/premio-xavier-gramona\/#breadcrumb\",\"itemListElement\":[{\"@type\":\"ListItem\",\"position\":1,\"name\":\"Inici\",\"item\":\"https:\/\/www.fundaciocatalunyacultura.cat\/es\/\"},{\"@type\":\"ListItem\",\"position\":2,\"name\":\"Premio Xavier Gramona\"}]},{\"@type\":\"WebSite\",\"@id\":\"https:\/\/www.fundaciocatalunyacultura.cat\/#website\",\"url\":\"https:\/\/www.fundaciocatalunyacultura.cat\/\",\"name\":\"Fundaci\u00f3 Catalunya Cultura\",\"description\":\"\",\"publisher\":{\"@id\":\"https:\/\/www.fundaciocatalunyacultura.cat\/#organization\"},\"potentialAction\":[{\"@type\":\"SearchAction\",\"target\":{\"@type\":\"EntryPoint\",\"urlTemplate\":\"https:\/\/www.fundaciocatalunyacultura.cat\/?s={search_term_string}\"},\"query-input\":{\"@type\":\"PropertyValueSpecification\",\"valueRequired\":true,\"valueName\":\"search_term_string\"}}],\"inLanguage\":\"es\"},{\"@type\":\"Organization\",\"@id\":\"https:\/\/www.fundaciocatalunyacultura.cat\/#organization\",\"name\":\"Fundaci\u00f3 Catalunya Cultura\",\"url\":\"https:\/\/www.fundaciocatalunyacultura.cat\/\",\"logo\":{\"@type\":\"ImageObject\",\"inLanguage\":\"es\",\"@id\":\"https:\/\/www.fundaciocatalunyacultura.cat\/#\/schema\/logo\/image\/\",\"url\":\"https:\/\/hundreds-wordpress-uploads.s3.amazonaws.com\/fundacio-catalunya-cultura\/uploads\/2021\/03\/fcc_logo_blanc-scaled.jpeg\",\"contentUrl\":\"https:\/\/hundreds-wordpress-uploads.s3.amazonaws.com\/fundacio-catalunya-cultura\/uploads\/2021\/03\/fcc_logo_blanc-scaled.jpeg\",\"width\":2560,\"height\":1785,\"caption\":\"Fundaci\u00f3 Catalunya Cultura\"},\"image\":{\"@id\":\"https:\/\/www.fundaciocatalunyacultura.cat\/#\/schema\/logo\/image\/\"},\"sameAs\":[\"https:\/\/www.facebook.com\/fundaciocatalunyacultura\/\",\"https:\/\/x.com\/fcatcultura\",\"https:\/\/www.linkedin.com\/company\/fundaci\u00f3-catalunya-cultura\/\",\"https:\/\/ca.wikipedia.org\/wiki\/Fundaci\u00f3_Catalunya_Cultura\"]}]}<\/script>\n<!-- \/ Yoast SEO plugin. -->","yoast_head_json":{"title":"Premio Xavier Gramona | Fundaci\u00f3 Catalunya Cultura","robots":{"index":"index","follow":"follow","max-snippet":"max-snippet:-1","max-image-preview":"max-image-preview:large","max-video-preview":"max-video-preview:-1"},"canonical":"https:\/\/www.fundaciocatalunyacultura.cat\/es\/premio-xavier-gramona\/","og_locale":"es_ES","og_type":"article","og_title":"Premio Xavier Gramona | Fundaci\u00f3 Catalunya Cultura","og_description":"Creado en 2025, este galard\u00f3n quiere reconocer el trabajo realizado con compromiso y esfuerzo, y la evoluci\u00f3n del proyecto cultural que m\u00e1s ha destacado por aprovechar con valent\u00eda y generosidad la primera fase del Programa IMPULSA CULTURA. El galard\u00f3n lleva el nombre de Xavier Gramona en homenaje al vicepresidente y patr\u00f3n fundador de la entidad, [&hellip;]","og_url":"https:\/\/www.fundaciocatalunyacultura.cat\/es\/premio-xavier-gramona\/","og_site_name":"Fundaci\u00f3 Catalunya Cultura","article_publisher":"https:\/\/www.facebook.com\/fundaciocatalunyacultura\/","article_modified_time":"2025-09-01T09:12:56+00:00","og_image":[{"url":"https:\/\/hundreds-wordpress-uploads.s3.amazonaws.com\/fundacio-catalunya-cultura\/uploads\/2025\/09\/Logo-Art-i-Cura.jpg","type":"","width":"","height":""}],"twitter_card":"summary_large_image","twitter_site":"@fcatcultura","twitter_misc":{"Tiempo de lectura":"2 minutos"},"schema":{"@context":"https:\/\/schema.org","@graph":[{"@type":"WebPage","@id":"https:\/\/www.fundaciocatalunyacultura.cat\/es\/premio-xavier-gramona\/","url":"https:\/\/www.fundaciocatalunyacultura.cat\/es\/premio-xavier-gramona\/","name":"Premio Xavier Gramona | Fundaci\u00f3 Catalunya Cultura","isPartOf":{"@id":"https:\/\/www.fundaciocatalunyacultura.cat\/#website"},"primaryImageOfPage":{"@id":"https:\/\/www.fundaciocatalunyacultura.cat\/es\/premio-xavier-gramona\/#primaryimage"},"image":{"@id":"https:\/\/www.fundaciocatalunyacultura.cat\/es\/premio-xavier-gramona\/#primaryimage"},"thumbnailUrl":"https:\/\/hundreds-wordpress-uploads.s3.amazonaws.com\/fundacio-catalunya-cultura\/uploads\/2025\/09\/Logo-Art-i-Cura.jpg","datePublished":"2025-09-01T09:10:10+00:00","dateModified":"2025-09-01T09:12:56+00:00","breadcrumb":{"@id":"https:\/\/www.fundaciocatalunyacultura.cat\/es\/premio-xavier-gramona\/#breadcrumb"},"inLanguage":"es","potentialAction":[{"@type":"ReadAction","target":["https:\/\/www.fundaciocatalunyacultura.cat\/es\/premio-xavier-gramona\/"]}]},{"@type":"ImageObject","inLanguage":"es","@id":"https:\/\/www.fundaciocatalunyacultura.cat\/es\/premio-xavier-gramona\/#primaryimage","url":"https:\/\/hundreds-wordpress-uploads.s3.amazonaws.com\/fundacio-catalunya-cultura\/uploads\/2025\/09\/Logo-Art-i-Cura.jpg","contentUrl":"https:\/\/hundreds-wordpress-uploads.s3.amazonaws.com\/fundacio-catalunya-cultura\/uploads\/2025\/09\/Logo-Art-i-Cura.jpg"},{"@type":"BreadcrumbList","@id":"https:\/\/www.fundaciocatalunyacultura.cat\/es\/premio-xavier-gramona\/#breadcrumb","itemListElement":[{"@type":"ListItem","position":1,"name":"Inici","item":"https:\/\/www.fundaciocatalunyacultura.cat\/es\/"},{"@type":"ListItem","position":2,"name":"Premio Xavier Gramona"}]},{"@type":"WebSite","@id":"https:\/\/www.fundaciocatalunyacultura.cat\/#website","url":"https:\/\/www.fundaciocatalunyacultura.cat\/","name":"Fundaci\u00f3 Catalunya Cultura","description":"","publisher":{"@id":"https:\/\/www.fundaciocatalunyacultura.cat\/#organization"},"potentialAction":[{"@type":"SearchAction","target":{"@type":"EntryPoint","urlTemplate":"https:\/\/www.fundaciocatalunyacultura.cat\/?s={search_term_string}"},"query-input":{"@type":"PropertyValueSpecification","valueRequired":true,"valueName":"search_term_string"}}],"inLanguage":"es"},{"@type":"Organization","@id":"https:\/\/www.fundaciocatalunyacultura.cat\/#organization","name":"Fundaci\u00f3 Catalunya Cultura","url":"https:\/\/www.fundaciocatalunyacultura.cat\/","logo":{"@type":"ImageObject","inLanguage":"es","@id":"https:\/\/www.fundaciocatalunyacultura.cat\/#\/schema\/logo\/image\/","url":"https:\/\/hundreds-wordpress-uploads.s3.amazonaws.com\/fundacio-catalunya-cultura\/uploads\/2021\/03\/fcc_logo_blanc-scaled.jpeg","contentUrl":"https:\/\/hundreds-wordpress-uploads.s3.amazonaws.com\/fundacio-catalunya-cultura\/uploads\/2021\/03\/fcc_logo_blanc-scaled.jpeg","width":2560,"height":1785,"caption":"Fundaci\u00f3 Catalunya Cultura"},"image":{"@id":"https:\/\/www.fundaciocatalunyacultura.cat\/#\/schema\/logo\/image\/"},"sameAs":["https:\/\/www.facebook.com\/fundaciocatalunyacultura\/","https:\/\/x.com\/fcatcultura","https:\/\/www.linkedin.com\/company\/fundaci\u00f3-catalunya-cultura\/","https:\/\/ca.wikipedia.org\/wiki\/Fundaci\u00f3_Catalunya_Cultura"]}]}},"_links":{"self":[{"href":"https:\/\/www.fundaciocatalunyacultura.cat\/es\/wp-json\/wp\/v2\/pages\/26437","targetHints":{"allow":["GET"]}}],"collection":[{"href":"https:\/\/www.fundaciocatalunyacultura.cat\/es\/wp-json\/wp\/v2\/pages"}],"about":[{"href":"https:\/\/www.fundaciocatalunyacultura.cat\/es\/wp-json\/wp\/v2\/types\/page"}],"author":[{"embeddable":true,"href":"https:\/\/www.fundaciocatalunyacultura.cat\/es\/wp-json\/wp\/v2\/users\/1"}],"replies":[{"embeddable":true,"href":"https:\/\/www.fundaciocatalunyacultura.cat\/es\/wp-json\/wp\/v2\/comments?post=26437"}],"version-history":[{"count":1,"href":"https:\/\/www.fundaciocatalunyacultura.cat\/es\/wp-json\/wp\/v2\/pages\/26437\/revisions"}],"predecessor-version":[{"id":26438,"href":"https:\/\/www.fundaciocatalunyacultura.cat\/es\/wp-json\/wp\/v2\/pages\/26437\/revisions\/26438"}],"wp:attachment":[{"href":"https:\/\/www.fundaciocatalunyacultura.cat\/es\/wp-json\/wp\/v2\/media?parent=26437"}],"curies":[{"name":"wp","href":"https:\/\/api.w.org\/{rel}","templated":true}]}}