{"id":18504,"date":"2024-03-15T08:48:40","date_gmt":"2024-03-15T08:48:40","guid":{"rendered":"https:\/\/fundaciocatalunyacultura.cat\/fes-te-membre-de-la-fundacio\/"},"modified":"2026-04-21T08:31:50","modified_gmt":"2026-04-21T08:31:50","slug":"hazte-miembro-de-la-fundacion","status":"publish","type":"page","link":"https:\/\/www.fundaciocatalunyacultura.cat\/es\/hazte-miembro-de-la-fundacion\/","title":{"rendered":"\u00bfQuieres formar parte de la Fundaci\u00f3n?"},"content":{"rendered":"<h3 style=\"text-align: center;\"><strong><a class=\"calltoaction flecha\" href=\"https:\/\/hundreds-wordpress-uploads.s3.amazonaws.com\/fundacio-catalunya-cultura\/uploads\/2026\/04\/Benvinguts-a-la-Fundacio-Catalunya-Cultura.pdf\" target=\"_blank\" rel=\"noopener\">DOSSIER INFORMATIVO<\/a><\/strong><\/h3>\n<p>&nbsp;<\/p>\n<p><b>Puedes implicarte como empresa formando parte de estos \u00f3rganos de gobierno: <\/b><\/p>\n<h3>Patronato<\/h3>\n<ul>\n<li>Participar\u00e1s y colaborar\u00e1s en actos que organiza la f ( ), con lo cual tendr\u00e1s <strong>visibilidad<\/strong> como organizaci\u00f3n privada que colabora activamente con la f ( ) y formar\u00e1s parte de las <strong>empresas l\u00edderes<\/strong> que contribuyen al desarrollo y la difusi\u00f3n de la cultura dentro de nuestro territorio.<\/li>\n<\/ul>\n<h3>Consejo de Mecenazgo<\/h3>\n<ul>\n<li>Apoyar\u00e1s e impulsar\u00e1s las iniciativas, actividades y actos de la f ( ): tendr\u00e1s la oportunidad de participar como <strong>ponente en debates, mesas redondas, conferencias y presentaciones<\/strong>, entre otros, organizadas por la f ( ), as\u00ed como en actos en los que la f ( ) es invitada.<\/li>\n<li>Podr\u00e1s ser escogido para formar parte del <strong>Jurado de los premios<\/strong> que la f ( ) otorga anualmente: Premio EMPRESA CULTURA y Premio IMPULSA CULTURA.<\/li>\n<\/ul>\n<p>&nbsp;<\/p>\n<p><img loading=\"lazy\" decoding=\"async\" class=\"aligncenter size-full wp-image-18500\" src=\"https:\/\/hundreds-wordpress-uploads.s3.amazonaws.com\/fundacio-catalunya-cultura\/uploads\/2024\/03\/festemembre.jpg\" alt=\"\" width=\"1800\" height=\"1029\" srcset=\"https:\/\/hundreds-wordpress-uploads.s3.amazonaws.com\/fundacio-catalunya-cultura\/uploads\/2024\/03\/festemembre.jpg 1800w, https:\/\/hundreds-wordpress-uploads.s3.amazonaws.com\/fundacio-catalunya-cultura\/uploads\/2024\/03\/festemembre-300x172.jpg 300w, https:\/\/hundreds-wordpress-uploads.s3.amazonaws.com\/fundacio-catalunya-cultura\/uploads\/2024\/03\/festemembre-1024x585.jpg 1024w, https:\/\/hundreds-wordpress-uploads.s3.amazonaws.com\/fundacio-catalunya-cultura\/uploads\/2024\/03\/festemembre-768x439.jpg 768w, https:\/\/hundreds-wordpress-uploads.s3.amazonaws.com\/fundacio-catalunya-cultura\/uploads\/2024\/03\/festemembre-1536x878.jpg 1536w\" sizes=\"auto, (max-width: 1800px) 100vw, 1800px\" \/><\/p>\n<p>&nbsp;<\/p>\n<p><img loading=\"lazy\" decoding=\"async\" class=\"aligncenter wp-image-29210\" src=\"https:\/\/hundreds-wordpress-uploads.s3.amazonaws.com\/fundacio-catalunya-cultura\/uploads\/2026\/03\/UNETE-A-LA-FUNDACION-1024x419.png\" alt=\"\" width=\"936\" height=\"383\" srcset=\"https:\/\/hundreds-wordpress-uploads.s3.amazonaws.com\/fundacio-catalunya-cultura\/uploads\/2026\/03\/UNETE-A-LA-FUNDACION-1024x419.png 1024w, https:\/\/hundreds-wordpress-uploads.s3.amazonaws.com\/fundacio-catalunya-cultura\/uploads\/2026\/03\/UNETE-A-LA-FUNDACION-300x123.png 300w, https:\/\/hundreds-wordpress-uploads.s3.amazonaws.com\/fundacio-catalunya-cultura\/uploads\/2026\/03\/UNETE-A-LA-FUNDACION-768x314.png 768w, https:\/\/hundreds-wordpress-uploads.s3.amazonaws.com\/fundacio-catalunya-cultura\/uploads\/2026\/03\/UNETE-A-LA-FUNDACION-1536x629.png 1536w, https:\/\/hundreds-wordpress-uploads.s3.amazonaws.com\/fundacio-catalunya-cultura\/uploads\/2026\/03\/UNETE-A-LA-FUNDACION.png 1920w\" sizes=\"auto, (max-width: 936px) 100vw, 936px\" \/><\/p>\n<p>&nbsp;<\/p>\n<p>&nbsp;<\/p>\n<p>Tambi\u00e9n puedes formar parte de la red de alianzas de la Fundaci\u00f3n como <b>entidad colaboradora.<\/b><\/p>\n<ul>\n<li>Trabajaremos conjuntamente con el objetivo de <strong>compartir acciones<\/strong> que promuevan el talento cultural y creativo de Catalu\u00f1a.<\/li>\n<\/ul>\n<p>Con tu colaboraci\u00f3n, cada a\u00f1o son m\u00e1s los proyectos culturales a los cuales podemos acompa\u00f1ar para que sean viables. Cuando combinamos nuestros esfuerzos y tu compromiso, los resultados son extraordinarios. Solo juntos podemos construir una <strong>sociedad mejor.<\/strong><\/p>\n<h2 style=\"text-align: center;\"><b>\u00a1S\u00famate a las entidades que ya forman parte de la familia de la Fundaci\u00f3 Catalunya Cultura!<\/b><\/h2>\n<p><strong>Contacto:<\/strong> coordinacio@fundaciocatalunyacultura.cat<\/p>\n","protected":false},"excerpt":{"rendered":"<p>DOSSIER INFORMATIVO &nbsp; Puedes implicarte como empresa formando parte de estos \u00f3rganos de gobierno: Patronato Participar\u00e1s y colaborar\u00e1s en actos que organiza la f ( ), con lo cual tendr\u00e1s visibilidad como organizaci\u00f3n privada que colabora activamente con la f ( ) y formar\u00e1s parte de las empresas l\u00edderes que contribuyen al desarrollo y la [&hellip;]<\/p>\n","protected":false},"author":1,"featured_media":0,"parent":0,"menu_order":0,"comment_status":"closed","ping_status":"closed","template":"","meta":{"_acf_changed":false,"footnotes":""},"class_list":["post-18504","page","type-page","status-publish","hentry"],"acf":[],"yoast_head":"<!-- This site is optimized with the Yoast SEO plugin v25.1 - https:\/\/yoast.com\/wordpress\/plugins\/seo\/ -->\n<title>\u00bfQuieres formar parte de la Fundaci\u00f3n? | Fundaci\u00f3 Catalunya Cultura<\/title>\n<meta name=\"robots\" content=\"index, follow, max-snippet:-1, max-image-preview:large, max-video-preview:-1\" \/>\n<link rel=\"canonical\" href=\"https:\/\/www.fundaciocatalunyacultura.cat\/es\/hazte-miembro-de-la-fundacion\/\" \/>\n<meta property=\"og:locale\" content=\"es_ES\" \/>\n<meta property=\"og:type\" content=\"article\" \/>\n<meta property=\"og:title\" content=\"\u00bfQuieres formar parte de la Fundaci\u00f3n? | Fundaci\u00f3 Catalunya Cultura\" \/>\n<meta property=\"og:description\" content=\"DOSSIER INFORMATIVO &nbsp; Puedes implicarte como empresa formando parte de estos \u00f3rganos de gobierno: Patronato Participar\u00e1s y colaborar\u00e1s en actos que organiza la f ( ), con lo cual tendr\u00e1s visibilidad como organizaci\u00f3n privada que colabora activamente con la f ( ) y formar\u00e1s parte de las empresas l\u00edderes que contribuyen al desarrollo y la [&hellip;]\" \/>\n<meta property=\"og:url\" content=\"https:\/\/www.fundaciocatalunyacultura.cat\/es\/hazte-miembro-de-la-fundacion\/\" \/>\n<meta property=\"og:site_name\" content=\"Fundaci\u00f3 Catalunya Cultura\" \/>\n<meta property=\"article:publisher\" content=\"https:\/\/www.facebook.com\/fundaciocatalunyacultura\/\" \/>\n<meta property=\"article:modified_time\" content=\"2026-04-21T08:31:50+00:00\" \/>\n<meta property=\"og:image\" content=\"https:\/\/hundreds-wordpress-uploads.s3.amazonaws.com\/fundacio-catalunya-cultura\/uploads\/2024\/03\/festemembre.jpg\" \/>\n<meta name=\"twitter:card\" content=\"summary_large_image\" \/>\n<meta name=\"twitter:site\" content=\"@fcatcultura\" \/>\n<meta name=\"twitter:label1\" content=\"Tiempo de lectura\" \/>\n\t<meta name=\"twitter:data1\" content=\"2 minutos\" \/>\n<script type=\"application\/ld+json\" class=\"yoast-schema-graph\">{\"@context\":\"https:\/\/schema.org\",\"@graph\":[{\"@type\":\"WebPage\",\"@id\":\"https:\/\/www.fundaciocatalunyacultura.cat\/es\/hazte-miembro-de-la-fundacion\/\",\"url\":\"https:\/\/www.fundaciocatalunyacultura.cat\/es\/hazte-miembro-de-la-fundacion\/\",\"name\":\"\u00bfQuieres formar parte de la Fundaci\u00f3n? | Fundaci\u00f3 Catalunya Cultura\",\"isPartOf\":{\"@id\":\"https:\/\/www.fundaciocatalunyacultura.cat\/es\/#website\"},\"primaryImageOfPage\":{\"@id\":\"https:\/\/www.fundaciocatalunyacultura.cat\/es\/hazte-miembro-de-la-fundacion\/#primaryimage\"},\"image\":{\"@id\":\"https:\/\/www.fundaciocatalunyacultura.cat\/es\/hazte-miembro-de-la-fundacion\/#primaryimage\"},\"thumbnailUrl\":\"https:\/\/hundreds-wordpress-uploads.s3.amazonaws.com\/fundacio-catalunya-cultura\/uploads\/2024\/03\/festemembre.jpg\",\"datePublished\":\"2024-03-15T08:48:40+00:00\",\"dateModified\":\"2026-04-21T08:31:50+00:00\",\"breadcrumb\":{\"@id\":\"https:\/\/www.fundaciocatalunyacultura.cat\/es\/hazte-miembro-de-la-fundacion\/#breadcrumb\"},\"inLanguage\":\"es\",\"potentialAction\":[{\"@type\":\"ReadAction\",\"target\":[\"https:\/\/www.fundaciocatalunyacultura.cat\/es\/hazte-miembro-de-la-fundacion\/\"]}]},{\"@type\":\"ImageObject\",\"inLanguage\":\"es\",\"@id\":\"https:\/\/www.fundaciocatalunyacultura.cat\/es\/hazte-miembro-de-la-fundacion\/#primaryimage\",\"url\":\"https:\/\/hundreds-wordpress-uploads.s3.amazonaws.com\/fundacio-catalunya-cultura\/uploads\/2024\/03\/festemembre.jpg\",\"contentUrl\":\"https:\/\/hundreds-wordpress-uploads.s3.amazonaws.com\/fundacio-catalunya-cultura\/uploads\/2024\/03\/festemembre.jpg\"},{\"@type\":\"BreadcrumbList\",\"@id\":\"https:\/\/www.fundaciocatalunyacultura.cat\/es\/hazte-miembro-de-la-fundacion\/#breadcrumb\",\"itemListElement\":[{\"@type\":\"ListItem\",\"position\":1,\"name\":\"Inici\",\"item\":\"https:\/\/www.fundaciocatalunyacultura.cat\/es\/\"},{\"@type\":\"ListItem\",\"position\":2,\"name\":\"\u00bfQuieres formar parte de la Fundaci\u00f3n?\"}]},{\"@type\":\"WebSite\",\"@id\":\"https:\/\/www.fundaciocatalunyacultura.cat\/es\/#website\",\"url\":\"https:\/\/www.fundaciocatalunyacultura.cat\/es\/\",\"name\":\"Fundaci\u00f3 Catalunya Cultura\",\"description\":\"\",\"publisher\":{\"@id\":\"https:\/\/www.fundaciocatalunyacultura.cat\/es\/#organization\"},\"potentialAction\":[{\"@type\":\"SearchAction\",\"target\":{\"@type\":\"EntryPoint\",\"urlTemplate\":\"https:\/\/www.fundaciocatalunyacultura.cat\/es\/?s={search_term_string}\"},\"query-input\":{\"@type\":\"PropertyValueSpecification\",\"valueRequired\":true,\"valueName\":\"search_term_string\"}}],\"inLanguage\":\"es\"},{\"@type\":\"Organization\",\"@id\":\"https:\/\/www.fundaciocatalunyacultura.cat\/es\/#organization\",\"name\":\"Fundaci\u00f3 Catalunya Cultura\",\"url\":\"https:\/\/www.fundaciocatalunyacultura.cat\/es\/\",\"logo\":{\"@type\":\"ImageObject\",\"inLanguage\":\"es\",\"@id\":\"https:\/\/www.fundaciocatalunyacultura.cat\/es\/#\/schema\/logo\/image\/\",\"url\":\"https:\/\/hundreds-wordpress-uploads.s3.amazonaws.com\/fundacio-catalunya-cultura\/uploads\/2021\/03\/fcc_logo_blanc-scaled.jpeg\",\"contentUrl\":\"https:\/\/hundreds-wordpress-uploads.s3.amazonaws.com\/fundacio-catalunya-cultura\/uploads\/2021\/03\/fcc_logo_blanc-scaled.jpeg\",\"width\":2560,\"height\":1785,\"caption\":\"Fundaci\u00f3 Catalunya Cultura\"},\"image\":{\"@id\":\"https:\/\/www.fundaciocatalunyacultura.cat\/es\/#\/schema\/logo\/image\/\"},\"sameAs\":[\"https:\/\/www.facebook.com\/fundaciocatalunyacultura\/\",\"https:\/\/x.com\/fcatcultura\",\"https:\/\/www.linkedin.com\/company\/fundaci\u00f3-catalunya-cultura\/\",\"https:\/\/ca.wikipedia.org\/wiki\/Fundaci\u00f3_Catalunya_Cultura\"]}]}<\/script>\n<!-- \/ Yoast SEO plugin. -->","yoast_head_json":{"title":"\u00bfQuieres formar parte de la Fundaci\u00f3n? | Fundaci\u00f3 Catalunya Cultura","robots":{"index":"index","follow":"follow","max-snippet":"max-snippet:-1","max-image-preview":"max-image-preview:large","max-video-preview":"max-video-preview:-1"},"canonical":"https:\/\/www.fundaciocatalunyacultura.cat\/es\/hazte-miembro-de-la-fundacion\/","og_locale":"es_ES","og_type":"article","og_title":"\u00bfQuieres formar parte de la Fundaci\u00f3n? | Fundaci\u00f3 Catalunya Cultura","og_description":"DOSSIER INFORMATIVO &nbsp; Puedes implicarte como empresa formando parte de estos \u00f3rganos de gobierno: Patronato Participar\u00e1s y colaborar\u00e1s en actos que organiza la f ( ), con lo cual tendr\u00e1s visibilidad como organizaci\u00f3n privada que colabora activamente con la f ( ) y formar\u00e1s parte de las empresas l\u00edderes que contribuyen al desarrollo y la [&hellip;]","og_url":"https:\/\/www.fundaciocatalunyacultura.cat\/es\/hazte-miembro-de-la-fundacion\/","og_site_name":"Fundaci\u00f3 Catalunya Cultura","article_publisher":"https:\/\/www.facebook.com\/fundaciocatalunyacultura\/","article_modified_time":"2026-04-21T08:31:50+00:00","og_image":[{"url":"https:\/\/hundreds-wordpress-uploads.s3.amazonaws.com\/fundacio-catalunya-cultura\/uploads\/2024\/03\/festemembre.jpg","type":"","width":"","height":""}],"twitter_card":"summary_large_image","twitter_site":"@fcatcultura","twitter_misc":{"Tiempo de lectura":"2 minutos"},"schema":{"@context":"https:\/\/schema.org","@graph":[{"@type":"WebPage","@id":"https:\/\/www.fundaciocatalunyacultura.cat\/es\/hazte-miembro-de-la-fundacion\/","url":"https:\/\/www.fundaciocatalunyacultura.cat\/es\/hazte-miembro-de-la-fundacion\/","name":"\u00bfQuieres formar parte de la Fundaci\u00f3n? | Fundaci\u00f3 Catalunya Cultura","isPartOf":{"@id":"https:\/\/www.fundaciocatalunyacultura.cat\/es\/#website"},"primaryImageOfPage":{"@id":"https:\/\/www.fundaciocatalunyacultura.cat\/es\/hazte-miembro-de-la-fundacion\/#primaryimage"},"image":{"@id":"https:\/\/www.fundaciocatalunyacultura.cat\/es\/hazte-miembro-de-la-fundacion\/#primaryimage"},"thumbnailUrl":"https:\/\/hundreds-wordpress-uploads.s3.amazonaws.com\/fundacio-catalunya-cultura\/uploads\/2024\/03\/festemembre.jpg","datePublished":"2024-03-15T08:48:40+00:00","dateModified":"2026-04-21T08:31:50+00:00","breadcrumb":{"@id":"https:\/\/www.fundaciocatalunyacultura.cat\/es\/hazte-miembro-de-la-fundacion\/#breadcrumb"},"inLanguage":"es","potentialAction":[{"@type":"ReadAction","target":["https:\/\/www.fundaciocatalunyacultura.cat\/es\/hazte-miembro-de-la-fundacion\/"]}]},{"@type":"ImageObject","inLanguage":"es","@id":"https:\/\/www.fundaciocatalunyacultura.cat\/es\/hazte-miembro-de-la-fundacion\/#primaryimage","url":"https:\/\/hundreds-wordpress-uploads.s3.amazonaws.com\/fundacio-catalunya-cultura\/uploads\/2024\/03\/festemembre.jpg","contentUrl":"https:\/\/hundreds-wordpress-uploads.s3.amazonaws.com\/fundacio-catalunya-cultura\/uploads\/2024\/03\/festemembre.jpg"},{"@type":"BreadcrumbList","@id":"https:\/\/www.fundaciocatalunyacultura.cat\/es\/hazte-miembro-de-la-fundacion\/#breadcrumb","itemListElement":[{"@type":"ListItem","position":1,"name":"Inici","item":"https:\/\/www.fundaciocatalunyacultura.cat\/es\/"},{"@type":"ListItem","position":2,"name":"\u00bfQuieres formar parte de la Fundaci\u00f3n?"}]},{"@type":"WebSite","@id":"https:\/\/www.fundaciocatalunyacultura.cat\/es\/#website","url":"https:\/\/www.fundaciocatalunyacultura.cat\/es\/","name":"Fundaci\u00f3 Catalunya Cultura","description":"","publisher":{"@id":"https:\/\/www.fundaciocatalunyacultura.cat\/es\/#organization"},"potentialAction":[{"@type":"SearchAction","target":{"@type":"EntryPoint","urlTemplate":"https:\/\/www.fundaciocatalunyacultura.cat\/es\/?s={search_term_string}"},"query-input":{"@type":"PropertyValueSpecification","valueRequired":true,"valueName":"search_term_string"}}],"inLanguage":"es"},{"@type":"Organization","@id":"https:\/\/www.fundaciocatalunyacultura.cat\/es\/#organization","name":"Fundaci\u00f3 Catalunya Cultura","url":"https:\/\/www.fundaciocatalunyacultura.cat\/es\/","logo":{"@type":"ImageObject","inLanguage":"es","@id":"https:\/\/www.fundaciocatalunyacultura.cat\/es\/#\/schema\/logo\/image\/","url":"https:\/\/hundreds-wordpress-uploads.s3.amazonaws.com\/fundacio-catalunya-cultura\/uploads\/2021\/03\/fcc_logo_blanc-scaled.jpeg","contentUrl":"https:\/\/hundreds-wordpress-uploads.s3.amazonaws.com\/fundacio-catalunya-cultura\/uploads\/2021\/03\/fcc_logo_blanc-scaled.jpeg","width":2560,"height":1785,"caption":"Fundaci\u00f3 Catalunya Cultura"},"image":{"@id":"https:\/\/www.fundaciocatalunyacultura.cat\/es\/#\/schema\/logo\/image\/"},"sameAs":["https:\/\/www.facebook.com\/fundaciocatalunyacultura\/","https:\/\/x.com\/fcatcultura","https:\/\/www.linkedin.com\/company\/fundaci\u00f3-catalunya-cultura\/","https:\/\/ca.wikipedia.org\/wiki\/Fundaci\u00f3_Catalunya_Cultura"]}]}},"_links":{"self":[{"href":"https:\/\/www.fundaciocatalunyacultura.cat\/es\/wp-json\/wp\/v2\/pages\/18504","targetHints":{"allow":["GET"]}}],"collection":[{"href":"https:\/\/www.fundaciocatalunyacultura.cat\/es\/wp-json\/wp\/v2\/pages"}],"about":[{"href":"https:\/\/www.fundaciocatalunyacultura.cat\/es\/wp-json\/wp\/v2\/types\/page"}],"author":[{"embeddable":true,"href":"https:\/\/www.fundaciocatalunyacultura.cat\/es\/wp-json\/wp\/v2\/users\/1"}],"replies":[{"embeddable":true,"href":"https:\/\/www.fundaciocatalunyacultura.cat\/es\/wp-json\/wp\/v2\/comments?post=18504"}],"version-history":[{"count":11,"href":"https:\/\/www.fundaciocatalunyacultura.cat\/es\/wp-json\/wp\/v2\/pages\/18504\/revisions"}],"predecessor-version":[{"id":29402,"href":"https:\/\/www.fundaciocatalunyacultura.cat\/es\/wp-json\/wp\/v2\/pages\/18504\/revisions\/29402"}],"wp:attachment":[{"href":"https:\/\/www.fundaciocatalunyacultura.cat\/es\/wp-json\/wp\/v2\/media?parent=18504"}],"curies":[{"name":"wp","href":"https:\/\/api.w.org\/{rel}","templated":true}]}}