{"id":13971,"date":"2023-05-31T09:52:23","date_gmt":"2023-05-31T09:52:23","guid":{"rendered":"https:\/\/fundaciocatalunyacultura.cat\/?page_id=13971"},"modified":"2026-01-07T09:02:35","modified_gmt":"2026-01-07T09:02:35","slug":"donaciones-a-la-fundacion","status":"publish","type":"page","link":"https:\/\/www.fundaciocatalunyacultura.cat\/es\/donaciones-a-la-fundacion\/","title":{"rendered":"Donaciones a la Fundaci\u00f3n"},"content":{"rendered":"<h3><\/h3>\n<p>&nbsp;<\/p>\n<h3 style=\"text-align: center;\"><strong>\u00bfQuieres hacer una donaci\u00f3n a la Fundaci\u00f3 Catalunya Cultura?<\/strong><\/h3>\n<p>Tu donaci\u00f3n nos ayudar\u00e1 a construir puentes entre el sector empresarial y el cultural para impulsar la cultura, y a desarrollar todas las iniciativas que llevamos a cabo desde la Fundaci\u00f3n para fomentar el talento y la creatividad como v\u00eda de transformaci\u00f3n social y econ\u00f3mica de Catalu\u00f1a.<\/p>\n<p>Pago mediante tarjeta bancaria: m\u00ednimo 150 euros.<\/p>\n<p>Pago mediante Bizum-<strong>N\u00famero 07816<\/strong>-: sin importe m\u00ednimo.<\/p>\n<p style=\"text-align: center; margin-bottom: 30px;\"><a class=\"calltoaction flecha\" style=\"text-decoration: none; width: auto;\" href=\"https:\/\/pycmt.me\/ys0O\"><strong>HAZ UNA DONACI\u00d3N<\/strong><img decoding=\"async\" src=\"https:\/\/www.fundaciocatalunyacultura.cat\/custom\/themes\/100x100\/assets\/images\/arrow.svg\" \/><\/a><\/p>\n<p>&nbsp;<\/p>\n<h3><strong>Recuerda que podr\u00e1s desgravar tu donaci\u00f3n en la pr\u00f3xima declaraci\u00f3n de la renta.<\/strong><\/h3>\n<p>&nbsp;<\/p>\n<p>Seg\u00fan la Ley 49\/2002 que regula el r\u00e9gimen fiscal de las entidades sin \u00e1nimo de lucro y los incentivos fiscales en el mecenazgo, <strong>las personas f\u00edsicas y las personas jur\u00eddicas que realicen donaciones a entidades sin \u00e1nimo de lucro podr\u00e1n deducir un porcentaje de estas donaciones de la cuota \u00edntegra del impuesto a pagar.<\/strong><\/p>\n<p><em><strong>Particulares:<\/strong><\/em><\/p>\n<p>&#8211; <strong>Desgravaci\u00f3n del 80%<\/strong>: puedes desgravar el 80% de tu aportaci\u00f3n a la Fundaci\u00f3n hasta un m\u00e1ximo de 250\u20ac, y el 40% de la cantidad restante.<\/p>\n<p>&#8211; Si llevas m\u00e1s de 3 a\u00f1os colaborando con la Fundaci\u00f3, la desgravaci\u00f3n se incrementa al 45% para la cantidad que excede los 250 \u20ac.<\/p>\n<p>La normativa catalana incorpora, en el caso de donativos a entidades que defienden y promocionan la lengua catalana, <strong>una deducci\u00f3n adicional del 15% <\/strong>en las donaciones particulares que se suma a las deducciones estatales vigentes.<\/p>\n<p>Esto se traduce en:<\/p>\n<p>\u2022 <strong>95% de deducci\u00f3n<\/strong> para los primeros 250\u20ac de donaci\u00f3n.<br \/>\n\u2022 <strong>55% de deducci\u00f3n<\/strong> para las cantidades que superen los 250\u20ac.<br \/>\n\u2022 <strong>60% de deducci\u00f3n<\/strong> si llevas m\u00e1s de 3 a\u00f1os colaborando.<\/p>\n<p>&nbsp;<\/p>\n<p><em><strong>Empresas:<\/strong><\/em><\/p>\n<p>&#8211; <strong>Desgravaci\u00f3n del 40%<\/strong>: tu empresa puede desgravar el 40% de la aportaci\u00f3n que realice a la Fundaci\u00f3n.<\/p>\n<p>&#8211; Si hace m\u00e1s de 3 a\u00f1os que tu empresa colabora con la Fundaci\u00f3, <strong>la desgravaci\u00f3n aumenta hasta el 50%<\/strong>.<\/p>\n<p>&nbsp;<\/p>\n<p><strong>Si quieres recibir un certificado de donaciones, ponte en contacto con nosotros, escr\u00edbenos a: coordinacio@fundaciocatalunyacultura.cat.<\/strong><\/p>\n","protected":false},"excerpt":{"rendered":"<p>&nbsp; \u00bfQuieres hacer una donaci\u00f3n a la Fundaci\u00f3 Catalunya Cultura? Tu donaci\u00f3n nos ayudar\u00e1 a construir puentes entre el sector empresarial y el cultural para impulsar la cultura, y a desarrollar todas las iniciativas que llevamos a cabo desde la Fundaci\u00f3n para fomentar el talento y la creatividad como v\u00eda de transformaci\u00f3n social y econ\u00f3mica [&hellip;]<\/p>\n","protected":false},"author":1,"featured_media":0,"parent":0,"menu_order":0,"comment_status":"closed","ping_status":"closed","template":"page-plana.php","meta":{"_acf_changed":false,"footnotes":""},"class_list":["post-13971","page","type-page","status-publish","hentry"],"acf":[],"yoast_head":"<!-- This site is optimized with the Yoast SEO plugin v25.1 - https:\/\/yoast.com\/wordpress\/plugins\/seo\/ -->\n<title>Donaciones a la Fundaci\u00f3n | Fundaci\u00f3 Catalunya Cultura<\/title>\n<meta name=\"robots\" content=\"index, follow, max-snippet:-1, max-image-preview:large, max-video-preview:-1\" \/>\n<link rel=\"canonical\" href=\"https:\/\/www.fundaciocatalunyacultura.cat\/es\/donaciones-a-la-fundacion\/\" \/>\n<meta property=\"og:locale\" content=\"es_ES\" \/>\n<meta property=\"og:type\" content=\"article\" \/>\n<meta property=\"og:title\" content=\"Donaciones a la Fundaci\u00f3n | Fundaci\u00f3 Catalunya Cultura\" \/>\n<meta property=\"og:description\" content=\"&nbsp; \u00bfQuieres hacer una donaci\u00f3n a la Fundaci\u00f3 Catalunya Cultura? Tu donaci\u00f3n nos ayudar\u00e1 a construir puentes entre el sector empresarial y el cultural para impulsar la cultura, y a desarrollar todas las iniciativas que llevamos a cabo desde la Fundaci\u00f3n para fomentar el talento y la creatividad como v\u00eda de transformaci\u00f3n social y econ\u00f3mica [&hellip;]\" \/>\n<meta property=\"og:url\" content=\"https:\/\/www.fundaciocatalunyacultura.cat\/es\/donaciones-a-la-fundacion\/\" \/>\n<meta property=\"og:site_name\" content=\"Fundaci\u00f3 Catalunya Cultura\" \/>\n<meta property=\"article:publisher\" content=\"https:\/\/www.facebook.com\/fundaciocatalunyacultura\/\" \/>\n<meta property=\"article:modified_time\" content=\"2026-01-07T09:02:35+00:00\" \/>\n<meta property=\"og:image\" content=\"https:\/\/www.fundaciocatalunyacultura.cat\/custom\/themes\/100x100\/assets\/images\/arrow.svg\" \/>\n<meta name=\"twitter:card\" content=\"summary_large_image\" \/>\n<meta name=\"twitter:site\" content=\"@fcatcultura\" \/>\n<meta name=\"twitter:label1\" content=\"Tiempo de lectura\" \/>\n\t<meta name=\"twitter:data1\" content=\"2 minutos\" \/>\n<script type=\"application\/ld+json\" class=\"yoast-schema-graph\">{\"@context\":\"https:\/\/schema.org\",\"@graph\":[{\"@type\":\"WebPage\",\"@id\":\"https:\/\/www.fundaciocatalunyacultura.cat\/es\/donaciones-a-la-fundacion\/\",\"url\":\"https:\/\/www.fundaciocatalunyacultura.cat\/es\/donaciones-a-la-fundacion\/\",\"name\":\"Donaciones a la Fundaci\u00f3n | Fundaci\u00f3 Catalunya Cultura\",\"isPartOf\":{\"@id\":\"https:\/\/www.fundaciocatalunyacultura.cat\/es\/#website\"},\"primaryImageOfPage\":{\"@id\":\"https:\/\/www.fundaciocatalunyacultura.cat\/es\/donaciones-a-la-fundacion\/#primaryimage\"},\"image\":{\"@id\":\"https:\/\/www.fundaciocatalunyacultura.cat\/es\/donaciones-a-la-fundacion\/#primaryimage\"},\"thumbnailUrl\":\"https:\/\/www.fundaciocatalunyacultura.cat\/custom\/themes\/100x100\/assets\/images\/arrow.svg\",\"datePublished\":\"2023-05-31T09:52:23+00:00\",\"dateModified\":\"2026-01-07T09:02:35+00:00\",\"breadcrumb\":{\"@id\":\"https:\/\/www.fundaciocatalunyacultura.cat\/es\/donaciones-a-la-fundacion\/#breadcrumb\"},\"inLanguage\":\"es\",\"potentialAction\":[{\"@type\":\"ReadAction\",\"target\":[\"https:\/\/www.fundaciocatalunyacultura.cat\/es\/donaciones-a-la-fundacion\/\"]}]},{\"@type\":\"ImageObject\",\"inLanguage\":\"es\",\"@id\":\"https:\/\/www.fundaciocatalunyacultura.cat\/es\/donaciones-a-la-fundacion\/#primaryimage\",\"url\":\"https:\/\/www.fundaciocatalunyacultura.cat\/custom\/themes\/100x100\/assets\/images\/arrow.svg\",\"contentUrl\":\"https:\/\/www.fundaciocatalunyacultura.cat\/custom\/themes\/100x100\/assets\/images\/arrow.svg\"},{\"@type\":\"BreadcrumbList\",\"@id\":\"https:\/\/www.fundaciocatalunyacultura.cat\/es\/donaciones-a-la-fundacion\/#breadcrumb\",\"itemListElement\":[{\"@type\":\"ListItem\",\"position\":1,\"name\":\"Inici\",\"item\":\"https:\/\/www.fundaciocatalunyacultura.cat\/es\/\"},{\"@type\":\"ListItem\",\"position\":2,\"name\":\"Donaciones a la Fundaci\u00f3n\"}]},{\"@type\":\"WebSite\",\"@id\":\"https:\/\/www.fundaciocatalunyacultura.cat\/es\/#website\",\"url\":\"https:\/\/www.fundaciocatalunyacultura.cat\/es\/\",\"name\":\"Fundaci\u00f3 Catalunya Cultura\",\"description\":\"\",\"publisher\":{\"@id\":\"https:\/\/www.fundaciocatalunyacultura.cat\/es\/#organization\"},\"potentialAction\":[{\"@type\":\"SearchAction\",\"target\":{\"@type\":\"EntryPoint\",\"urlTemplate\":\"https:\/\/www.fundaciocatalunyacultura.cat\/es\/?s={search_term_string}\"},\"query-input\":{\"@type\":\"PropertyValueSpecification\",\"valueRequired\":true,\"valueName\":\"search_term_string\"}}],\"inLanguage\":\"es\"},{\"@type\":\"Organization\",\"@id\":\"https:\/\/www.fundaciocatalunyacultura.cat\/es\/#organization\",\"name\":\"Fundaci\u00f3 Catalunya Cultura\",\"url\":\"https:\/\/www.fundaciocatalunyacultura.cat\/es\/\",\"logo\":{\"@type\":\"ImageObject\",\"inLanguage\":\"es\",\"@id\":\"https:\/\/www.fundaciocatalunyacultura.cat\/es\/#\/schema\/logo\/image\/\",\"url\":\"https:\/\/hundreds-wordpress-uploads.s3.amazonaws.com\/fundacio-catalunya-cultura\/uploads\/2021\/03\/fcc_logo_blanc-scaled.jpeg\",\"contentUrl\":\"https:\/\/hundreds-wordpress-uploads.s3.amazonaws.com\/fundacio-catalunya-cultura\/uploads\/2021\/03\/fcc_logo_blanc-scaled.jpeg\",\"width\":2560,\"height\":1785,\"caption\":\"Fundaci\u00f3 Catalunya Cultura\"},\"image\":{\"@id\":\"https:\/\/www.fundaciocatalunyacultura.cat\/es\/#\/schema\/logo\/image\/\"},\"sameAs\":[\"https:\/\/www.facebook.com\/fundaciocatalunyacultura\/\",\"https:\/\/x.com\/fcatcultura\",\"https:\/\/www.linkedin.com\/company\/fundaci\u00f3-catalunya-cultura\/\",\"https:\/\/ca.wikipedia.org\/wiki\/Fundaci\u00f3_Catalunya_Cultura\"]}]}<\/script>\n<!-- \/ Yoast SEO plugin. -->","yoast_head_json":{"title":"Donaciones a la Fundaci\u00f3n | Fundaci\u00f3 Catalunya Cultura","robots":{"index":"index","follow":"follow","max-snippet":"max-snippet:-1","max-image-preview":"max-image-preview:large","max-video-preview":"max-video-preview:-1"},"canonical":"https:\/\/www.fundaciocatalunyacultura.cat\/es\/donaciones-a-la-fundacion\/","og_locale":"es_ES","og_type":"article","og_title":"Donaciones a la Fundaci\u00f3n | Fundaci\u00f3 Catalunya Cultura","og_description":"&nbsp; \u00bfQuieres hacer una donaci\u00f3n a la Fundaci\u00f3 Catalunya Cultura? Tu donaci\u00f3n nos ayudar\u00e1 a construir puentes entre el sector empresarial y el cultural para impulsar la cultura, y a desarrollar todas las iniciativas que llevamos a cabo desde la Fundaci\u00f3n para fomentar el talento y la creatividad como v\u00eda de transformaci\u00f3n social y econ\u00f3mica [&hellip;]","og_url":"https:\/\/www.fundaciocatalunyacultura.cat\/es\/donaciones-a-la-fundacion\/","og_site_name":"Fundaci\u00f3 Catalunya Cultura","article_publisher":"https:\/\/www.facebook.com\/fundaciocatalunyacultura\/","article_modified_time":"2026-01-07T09:02:35+00:00","og_image":[{"url":"https:\/\/www.fundaciocatalunyacultura.cat\/custom\/themes\/100x100\/assets\/images\/arrow.svg","type":"","width":"","height":""}],"twitter_card":"summary_large_image","twitter_site":"@fcatcultura","twitter_misc":{"Tiempo de lectura":"2 minutos"},"schema":{"@context":"https:\/\/schema.org","@graph":[{"@type":"WebPage","@id":"https:\/\/www.fundaciocatalunyacultura.cat\/es\/donaciones-a-la-fundacion\/","url":"https:\/\/www.fundaciocatalunyacultura.cat\/es\/donaciones-a-la-fundacion\/","name":"Donaciones a la Fundaci\u00f3n | Fundaci\u00f3 Catalunya Cultura","isPartOf":{"@id":"https:\/\/www.fundaciocatalunyacultura.cat\/es\/#website"},"primaryImageOfPage":{"@id":"https:\/\/www.fundaciocatalunyacultura.cat\/es\/donaciones-a-la-fundacion\/#primaryimage"},"image":{"@id":"https:\/\/www.fundaciocatalunyacultura.cat\/es\/donaciones-a-la-fundacion\/#primaryimage"},"thumbnailUrl":"https:\/\/www.fundaciocatalunyacultura.cat\/custom\/themes\/100x100\/assets\/images\/arrow.svg","datePublished":"2023-05-31T09:52:23+00:00","dateModified":"2026-01-07T09:02:35+00:00","breadcrumb":{"@id":"https:\/\/www.fundaciocatalunyacultura.cat\/es\/donaciones-a-la-fundacion\/#breadcrumb"},"inLanguage":"es","potentialAction":[{"@type":"ReadAction","target":["https:\/\/www.fundaciocatalunyacultura.cat\/es\/donaciones-a-la-fundacion\/"]}]},{"@type":"ImageObject","inLanguage":"es","@id":"https:\/\/www.fundaciocatalunyacultura.cat\/es\/donaciones-a-la-fundacion\/#primaryimage","url":"https:\/\/www.fundaciocatalunyacultura.cat\/custom\/themes\/100x100\/assets\/images\/arrow.svg","contentUrl":"https:\/\/www.fundaciocatalunyacultura.cat\/custom\/themes\/100x100\/assets\/images\/arrow.svg"},{"@type":"BreadcrumbList","@id":"https:\/\/www.fundaciocatalunyacultura.cat\/es\/donaciones-a-la-fundacion\/#breadcrumb","itemListElement":[{"@type":"ListItem","position":1,"name":"Inici","item":"https:\/\/www.fundaciocatalunyacultura.cat\/es\/"},{"@type":"ListItem","position":2,"name":"Donaciones a la Fundaci\u00f3n"}]},{"@type":"WebSite","@id":"https:\/\/www.fundaciocatalunyacultura.cat\/es\/#website","url":"https:\/\/www.fundaciocatalunyacultura.cat\/es\/","name":"Fundaci\u00f3 Catalunya Cultura","description":"","publisher":{"@id":"https:\/\/www.fundaciocatalunyacultura.cat\/es\/#organization"},"potentialAction":[{"@type":"SearchAction","target":{"@type":"EntryPoint","urlTemplate":"https:\/\/www.fundaciocatalunyacultura.cat\/es\/?s={search_term_string}"},"query-input":{"@type":"PropertyValueSpecification","valueRequired":true,"valueName":"search_term_string"}}],"inLanguage":"es"},{"@type":"Organization","@id":"https:\/\/www.fundaciocatalunyacultura.cat\/es\/#organization","name":"Fundaci\u00f3 Catalunya Cultura","url":"https:\/\/www.fundaciocatalunyacultura.cat\/es\/","logo":{"@type":"ImageObject","inLanguage":"es","@id":"https:\/\/www.fundaciocatalunyacultura.cat\/es\/#\/schema\/logo\/image\/","url":"https:\/\/hundreds-wordpress-uploads.s3.amazonaws.com\/fundacio-catalunya-cultura\/uploads\/2021\/03\/fcc_logo_blanc-scaled.jpeg","contentUrl":"https:\/\/hundreds-wordpress-uploads.s3.amazonaws.com\/fundacio-catalunya-cultura\/uploads\/2021\/03\/fcc_logo_blanc-scaled.jpeg","width":2560,"height":1785,"caption":"Fundaci\u00f3 Catalunya Cultura"},"image":{"@id":"https:\/\/www.fundaciocatalunyacultura.cat\/es\/#\/schema\/logo\/image\/"},"sameAs":["https:\/\/www.facebook.com\/fundaciocatalunyacultura\/","https:\/\/x.com\/fcatcultura","https:\/\/www.linkedin.com\/company\/fundaci\u00f3-catalunya-cultura\/","https:\/\/ca.wikipedia.org\/wiki\/Fundaci\u00f3_Catalunya_Cultura"]}]}},"_links":{"self":[{"href":"https:\/\/www.fundaciocatalunyacultura.cat\/es\/wp-json\/wp\/v2\/pages\/13971","targetHints":{"allow":["GET"]}}],"collection":[{"href":"https:\/\/www.fundaciocatalunyacultura.cat\/es\/wp-json\/wp\/v2\/pages"}],"about":[{"href":"https:\/\/www.fundaciocatalunyacultura.cat\/es\/wp-json\/wp\/v2\/types\/page"}],"author":[{"embeddable":true,"href":"https:\/\/www.fundaciocatalunyacultura.cat\/es\/wp-json\/wp\/v2\/users\/1"}],"replies":[{"embeddable":true,"href":"https:\/\/www.fundaciocatalunyacultura.cat\/es\/wp-json\/wp\/v2\/comments?post=13971"}],"version-history":[{"count":27,"href":"https:\/\/www.fundaciocatalunyacultura.cat\/es\/wp-json\/wp\/v2\/pages\/13971\/revisions"}],"predecessor-version":[{"id":28335,"href":"https:\/\/www.fundaciocatalunyacultura.cat\/es\/wp-json\/wp\/v2\/pages\/13971\/revisions\/28335"}],"wp:attachment":[{"href":"https:\/\/www.fundaciocatalunyacultura.cat\/es\/wp-json\/wp\/v2\/media?parent=13971"}],"curies":[{"name":"wp","href":"https:\/\/api.w.org\/{rel}","templated":true}]}}